{"id":7469,"date":"2022-01-17T19:10:20","date_gmt":"2022-01-17T18:10:20","guid":{"rendered":"https:\/\/www.violetaborruel.com\/contact\/"},"modified":"2022-01-19T12:00:05","modified_gmt":"2022-01-19T11:00:05","slug":"contact","status":"publish","type":"page","link":"https:\/\/www.violetaborruel.com\/en\/contact\/","title":{"rendered":"Contact"},"content":{"rendered":"\n<div class=\"wp-block-media-text alignwide is-stacked-on-mobile\"><figure class=\"wp-block-media-text__media\"><img loading=\"lazy\" width=\"1024\" height=\"683\" src=\"http:\/\/www.violetaborruel.com\/wp-content\/uploads\/2019\/04\/dsc_0108_2-1024x683.jpg\" alt=\"\" class=\"wp-image-7031 size-full\" srcset=\"https:\/\/www.violetaborruel.com\/wp-content\/uploads\/2019\/04\/dsc_0108_2-1024x683.jpg 1024w, https:\/\/www.violetaborruel.com\/wp-content\/uploads\/2019\/04\/dsc_0108_2-300x200.jpg 300w, https:\/\/www.violetaborruel.com\/wp-content\/uploads\/2019\/04\/dsc_0108_2-768x512.jpg 768w, https:\/\/www.violetaborruel.com\/wp-content\/uploads\/2019\/04\/dsc_0108_2-1536x1024.jpg 1536w, https:\/\/www.violetaborruel.com\/wp-content\/uploads\/2019\/04\/dsc_0108_2-2048x1365.jpg 2048w, https:\/\/www.violetaborruel.com\/wp-content\/uploads\/2019\/04\/dsc_0108_2-1200x800.jpg 1200w, https:\/\/www.violetaborruel.com\/wp-content\/uploads\/2019\/04\/dsc_0108_2-1980x1320.jpg 1980w\" sizes=\"(max-width: 1024px) 100vw, 1024px\" \/><\/figure><div class=\"wp-block-media-text__content\">\n<h5 class=\"has-text-align-center\">VIOLETA BORRUEL ABAD\u00cdA<\/h5>\n\n\n\n<p class=\"has-text-align-center\">contacto@violetaborruel.com<\/p>\n\n\n\n<p class=\"has-text-align-center\">+ 34 699 785 162<\/p>\n\n\n\n<p class=\"has-text-align-center\"><a href=\"https:\/\/www.facebook.com\/violeta.borrueldanza\">Facebook: Compa\u00f1\u00eda Violeta Borruel<\/a><\/p>\n\n\n\n<p class=\"has-text-align-center\"><a href=\"https:\/\/www.instagram.com\/violetaborruel\/\">Instagram: violetaborruel<\/a><\/p>\n<\/div><\/div>\n\n<div style=\"height:63px\" aria-hidden=\"true\" class=\"wp-block-spacer\"><\/div>\n\n<hr class=\"wp-block-separator\"\/>\n\n<p><strong>If you want, fill out this form and we will respond as soon as possible!<\/strong><\/p>\n\n<p>If you have a proposal to make to us or you have a concern about our work and want to share it with us, we will be happy to establish a dialogue with you. Please, complete the following form and you will receive a reply as soon as possible. Thank you very much!<\/p>\n\n<hr class=\"wp-block-separator\"\/>\n\n<div class=\"wp-block-group\"><div class=\"wp-block-group__inner-container\"><div role=\"form\" class=\"wpcf7\" id=\"wpcf7-f1488-o1\" lang=\"es-ES\" dir=\"ltr\">\n<div class=\"screen-reader-response\"><p role=\"status\" aria-live=\"polite\" aria-atomic=\"true\"><\/p> <ul><\/ul><\/div>\n<form action=\"\/en\/wp-json\/wp\/v2\/pages\/7469#wpcf7-f1488-o1\" method=\"post\" class=\"wpcf7-form init\" novalidate=\"novalidate\" data-status=\"init\">\n<div style=\"display: none;\">\n<input type=\"hidden\" name=\"_wpcf7\" value=\"1488\" \/>\n<input type=\"hidden\" name=\"_wpcf7_version\" value=\"5.5.3\" \/>\n<input type=\"hidden\" name=\"_wpcf7_locale\" value=\"es_ES\" \/>\n<input type=\"hidden\" name=\"_wpcf7_unit_tag\" value=\"wpcf7-f1488-o1\" \/>\n<input type=\"hidden\" name=\"_wpcf7_container_post\" value=\"0\" \/>\n<input type=\"hidden\" name=\"_wpcf7_posted_data_hash\" value=\"\" \/>\n<\/div>\n<p><span class=\"wpcf7-form-control-wrap nombre\"><input type=\"text\" name=\"nombre\" value=\"\" size=\"40\" class=\"wpcf7-form-control wpcf7-text wpcf7-validates-as-required\" aria-required=\"true\" aria-invalid=\"false\" placeholder=\"Nombre y apellidos*\" \/><\/span> <\/p>\n<p><span class=\"wpcf7-form-control-wrap your-email\"><input type=\"email\" name=\"your-email\" value=\"\" size=\"40\" class=\"wpcf7-form-control wpcf7-text wpcf7-email wpcf7-validates-as-required wpcf7-validates-as-email\" aria-required=\"true\" aria-invalid=\"false\" placeholder=\"correo electr\u00f3nico*\" \/><\/span> <\/p>\n<p><span class=\"wpcf7-form-control-wrap Telefono\"><input type=\"tel\" name=\"Telefono\" value=\"\" size=\"40\" class=\"wpcf7-form-control wpcf7-text wpcf7-tel wpcf7-validates-as-tel\" aria-invalid=\"false\" placeholder=\"Tel\u00e9fono\" \/><\/span><\/p>\n<p><use_label_element> Perfil<br \/>\n<span class=\"wpcf7-form-control-wrap Perfil\"><span class=\"wpcf7-form-control wpcf7-checkbox\"><span class=\"wpcf7-list-item first\"><label><input type=\"checkbox\" name=\"Perfil[]\" value=\"Profesional artes esc\u00e9nicas\" \/><span class=\"wpcf7-list-item-label\">Profesional artes esc\u00e9nicas<\/span><\/label><\/span><span class=\"wpcf7-list-item\"><label><input type=\"checkbox\" name=\"Perfil[]\" value=\"T\u00e9cnico\/a de cultura\" \/><span class=\"wpcf7-list-item-label\">T\u00e9cnico\/a de cultura<\/span><\/label><\/span><span class=\"wpcf7-list-item\"><label><input type=\"checkbox\" name=\"Perfil[]\" value=\"Bailar\u00edn\/a profesional\" \/><span class=\"wpcf7-list-item-label\">Bailar\u00edn\/a profesional<\/span><\/label><\/span><span class=\"wpcf7-list-item\"><label><input type=\"checkbox\" name=\"Perfil[]\" value=\"Artista\" \/><span class=\"wpcf7-list-item-label\">Artista<\/span><\/label><\/span><span class=\"wpcf7-list-item\"><label><input type=\"checkbox\" name=\"Perfil[]\" value=\"Estudiante de danza\" \/><span class=\"wpcf7-list-item-label\">Estudiante de danza<\/span><\/label><\/span><span class=\"wpcf7-list-item\"><label><input type=\"checkbox\" name=\"Perfil[]\" value=\"Estudiante de otras disciplinas\" \/><span class=\"wpcf7-list-item-label\">Estudiante de otras disciplinas<\/span><\/label><\/span><span class=\"wpcf7-list-item last\"><label><input type=\"checkbox\" name=\"Perfil[]\" value=\"otros\" \/><span class=\"wpcf7-list-item-label\">otros<\/span><\/label><\/span><\/span><\/span><\/p>\n<p><span class=\"wpcf7-form-control-wrap your-message\"><textarea name=\"your-message\" cols=\"40\" rows=\"10\" class=\"wpcf7-form-control wpcf7-textarea\" aria-invalid=\"false\" placeholder=\"Mensaje\"><\/textarea><\/span><\/p>\n<p>*Datos obligatorios<\/p>\n<p>\n<span class=\"wpcf7-form-control-wrap Aceptarpolticadeprivacidad\"><span class=\"wpcf7-form-control wpcf7-acceptance\"><span class=\"wpcf7-list-item\"><label><input type=\"checkbox\" name=\"Aceptarpolticadeprivacidad\" value=\"1\" aria-invalid=\"false\" \/><span class=\"wpcf7-list-item-label\">Acepto la <a href=\"https:\/\/www.violetaborruel.com\/aviso-legal\/\" rel=\"nofollow\" target=\"_blank\"> pol\u00edtica de privacidad<\/a><\/span><\/label><\/span><\/span><\/span><\/p>\n<p\/>\n<p><input type=\"submit\" value=\"Enviar\" class=\"wpcf7-form-control has-spinner wpcf7-submit\" \/><\/p>\n<p style=\"display: none !important;\" class=\"akismet-fields-container\" data-prefix=\"_wpcf7_ak_\"><label>&#916;<textarea name=\"_wpcf7_ak_hp_textarea\" cols=\"45\" rows=\"8\" maxlength=\"100\"><\/textarea><\/label><input type=\"hidden\" id=\"ak_js_1\" name=\"_wpcf7_ak_js\" value=\"183\"\/><script>document.getElementById( \"ak_js_1\" ).setAttribute( \"value\", ( new Date() ).getTime() );<\/script><\/p><div class=\"wpcf7-response-output\" aria-hidden=\"true\"><\/div><\/form><\/div>\n\n\n\n<p><\/p>\n<\/div><\/div>\n\n<p><\/p>\n","protected":false},"excerpt":{"rendered":"<p>VIOLETA BORRUEL ABAD\u00cdA contacto@violetaborruel.com + 34 699 785 162 Facebook: Compa\u00f1\u00eda Violeta Borruel Instagram: violetaborruel If you want, fill out this form and we will respond as soon as possible! If you have a proposal to make to us or [&hellip;]<\/p>\n","protected":false},"author":2,"featured_media":0,"parent":0,"menu_order":0,"comment_status":"closed","ping_status":"closed","template":"","meta":[],"_links":{"self":[{"href":"https:\/\/www.violetaborruel.com\/en\/wp-json\/wp\/v2\/pages\/7469"}],"collection":[{"href":"https:\/\/www.violetaborruel.com\/en\/wp-json\/wp\/v2\/pages"}],"about":[{"href":"https:\/\/www.violetaborruel.com\/en\/wp-json\/wp\/v2\/types\/page"}],"author":[{"embeddable":true,"href":"https:\/\/www.violetaborruel.com\/en\/wp-json\/wp\/v2\/users\/2"}],"replies":[{"embeddable":true,"href":"https:\/\/www.violetaborruel.com\/en\/wp-json\/wp\/v2\/comments?post=7469"}],"version-history":[{"count":7,"href":"https:\/\/www.violetaborruel.com\/en\/wp-json\/wp\/v2\/pages\/7469\/revisions"}],"predecessor-version":[{"id":7674,"href":"https:\/\/www.violetaborruel.com\/en\/wp-json\/wp\/v2\/pages\/7469\/revisions\/7674"}],"wp:attachment":[{"href":"https:\/\/www.violetaborruel.com\/en\/wp-json\/wp\/v2\/media?parent=7469"}],"curies":[{"name":"wp","href":"https:\/\/api.w.org\/{rel}","templated":true}]}}