{"id":7585,"date":"2022-01-18T16:35:07","date_gmt":"2022-01-18T15:35:07","guid":{"rendered":"https:\/\/www.violetaborruel.com\/press\/"},"modified":"2022-01-18T16:35:07","modified_gmt":"2022-01-18T15:35:07","slug":"press","status":"publish","type":"page","link":"https:\/\/www.violetaborruel.com\/en\/press\/","title":{"rendered":"Press"},"content":{"rendered":"\n<div class=\"wp-block-columns are-vertically-aligned-top\">\n<div class=\"wp-block-column is-vertically-aligned-top\">\n<div class=\"wp-block-image\"><figure class=\"aligncenter size-large\"><img loading=\"lazy\" width=\"1024\" height=\"711\" src=\"https:\/\/www.violetaborruel.com\/wp-content\/uploads\/2021\/09\/Portada-Aragon-Libro-Danza-Espana-1024x711.jpg\" alt=\"\" class=\"wp-image-7455\" srcset=\"https:\/\/www.violetaborruel.com\/wp-content\/uploads\/2021\/09\/Portada-Aragon-Libro-Danza-Espana-1024x711.jpg 1024w, https:\/\/www.violetaborruel.com\/wp-content\/uploads\/2021\/09\/Portada-Aragon-Libro-Danza-Espana-300x208.jpg 300w, https:\/\/www.violetaborruel.com\/wp-content\/uploads\/2021\/09\/Portada-Aragon-Libro-Danza-Espana-768x533.jpg 768w, https:\/\/www.violetaborruel.com\/wp-content\/uploads\/2021\/09\/Portada-Aragon-Libro-Danza-Espana-1536x1066.jpg 1536w, https:\/\/www.violetaborruel.com\/wp-content\/uploads\/2021\/09\/Portada-Aragon-Libro-Danza-Espana-2048x1422.jpg 2048w, https:\/\/www.violetaborruel.com\/wp-content\/uploads\/2021\/09\/Portada-Aragon-Libro-Danza-Espana-705x489.jpg 705w\" sizes=\"(max-width: 1024px) 100vw, 1024px\" \/><figcaption> Book &#8220;History of Contemporary Dance in Spain. Volume III&#8221;, cover of the Chapter of Aragon: Compa\u00f1\u00eda Violeta Borruel, work &#8220;Golondrinas&#8221; (Swallows).<\/figcaption><\/figure><\/div>\n\n\n\n<hr class=\"wp-block-separator aligncenter is-style-default\"\/>\n\n\n\n<div class=\"wp-block-image\"><figure class=\"aligncenter size-full\"><a href=\"https:\/\/susyq.es\/danza-news\/1012-violeta-borruel-festival-andandara\"><img loading=\"lazy\" width=\"1021\" height=\"1021\" src=\"https:\/\/www.violetaborruel.com\/wp-content\/uploads\/2020\/06\/susyq-andc381ndara.jpg\" alt=\"\" class=\"wp-image-7159\" srcset=\"https:\/\/www.violetaborruel.com\/wp-content\/uploads\/2020\/06\/susyq-andc381ndara.jpg 1021w, https:\/\/www.violetaborruel.com\/wp-content\/uploads\/2020\/06\/susyq-andc381ndara-300x300.jpg 300w, https:\/\/www.violetaborruel.com\/wp-content\/uploads\/2020\/06\/susyq-andc381ndara-150x150.jpg 150w, https:\/\/www.violetaborruel.com\/wp-content\/uploads\/2020\/06\/susyq-andc381ndara-768x768.jpg 768w\" sizes=\"(max-width: 1021px) 100vw, 1021px\" \/><\/a><figcaption> \u201c\u2026 la joven creadora y bailarina de Huesca, Violeta Borruel (en la foto), crea un festival testimonio de la danza en tiempos de coronavirus. Muy adaptado a la nueva normalidad, el and\u00c1ndara es un festival de danza contempor\u00e1nea, emergente, online que reafirma la necesidad art\u00edstica de compartir a\u00fan en situaciones extremas como puede ser un confinamiento obligatorio. De all\u00ed que el evento, que recoge obras creadas durante el estado de alarma, quiera ser un testimonio del instinto de supervivencia de la danza. \u201cEl confinamiento ha sido un periodo en el que muchos artistas han compartido su arte altruistamente, pero tambi\u00e9n somos conscientes de la delicada situaci\u00f3n que est\u00e1n atravesando, especialmente las compa\u00f1\u00edas\/artistas emergentes, debido a la cancelaci\u00f3n o suspensi\u00f3n de las representaciones de sus espect\u00e1culos. Por todo ello, consideramos que se hacen necesarias otras f\u00f3rmulas de desarrollar festivales y de compartir la cultura\u201d, expone Borruel en un comunicado.\u201d <a href=\"https:\/\/susyq.es\/danza-news\/1012-violeta-borruel-festival-andandara\">SusyQ Dance Magazine<\/a> <\/figcaption><\/figure><\/div>\n\n\n\n<hr class=\"wp-block-separator aligncenter is-style-default\"\/>\n\n\n\n<div class=\"wp-block-image\"><figure class=\"aligncenter size-large\"><img loading=\"lazy\" width=\"1024\" height=\"711\" src=\"https:\/\/www.violetaborruel.com\/wp-content\/uploads\/2021\/09\/Dosier-Periferias-2019-1024x711.jpg\" alt=\"\" class=\"wp-image-7461\" srcset=\"https:\/\/www.violetaborruel.com\/wp-content\/uploads\/2021\/09\/Dosier-Periferias-2019-1024x711.jpg 1024w, https:\/\/www.violetaborruel.com\/wp-content\/uploads\/2021\/09\/Dosier-Periferias-2019-300x208.jpg 300w, https:\/\/www.violetaborruel.com\/wp-content\/uploads\/2021\/09\/Dosier-Periferias-2019-768x533.jpg 768w, https:\/\/www.violetaborruel.com\/wp-content\/uploads\/2021\/09\/Dosier-Periferias-2019-1536x1067.jpg 1536w, https:\/\/www.violetaborruel.com\/wp-content\/uploads\/2021\/09\/Dosier-Periferias-2019-2048x1422.jpg 2048w, https:\/\/www.violetaborruel.com\/wp-content\/uploads\/2021\/09\/Dosier-Periferias-2019-705x490.jpg 705w\" sizes=\"(max-width: 1024px) 100vw, 1024px\" \/><figcaption> &#8220;Golondrinas&#8221; en el Festival Periferias 20.0 (octubre 2019).<\/figcaption><\/figure><\/div>\n\n\n\n<hr class=\"wp-block-separator aligncenter is-style-default\"\/>\n\n\n\n<div class=\"wp-block-image\"><figure class=\"aligncenter size-full\"><img loading=\"lazy\" width=\"316\" height=\"602\" src=\"https:\/\/www.violetaborruel.com\/wp-content\/uploads\/2019\/12\/altoaragon-4-7-19.jpg\" alt=\"\" class=\"wp-image-7095\" srcset=\"https:\/\/www.violetaborruel.com\/wp-content\/uploads\/2019\/12\/altoaragon-4-7-19.jpg 316w, https:\/\/www.violetaborruel.com\/wp-content\/uploads\/2019\/12\/altoaragon-4-7-19-157x300.jpg 157w\" sizes=\"(max-width: 316px) 100vw, 316px\" \/><figcaption>&#8220;&#8230;Algunas de las j\u00f3venes grausinas que participar\u00e1n en el proyecto de Violeta Borruel Las golondrinas se dieron cita este mi\u00e9rcoles en la primera sesi\u00f3n del taller de danza contempor\u00e1nea organizado en el marco de la residencia art\u00edstica de la bailarina oscense, en el marco de Nocte.&#8221; Diario del AltoArag\u00f3n. 4\/07\/2019<\/figcaption><\/figure><\/div>\n\n\n\n<hr class=\"wp-block-separator aligncenter is-style-default\"\/>\n\n\n\n<div class=\"wp-block-image\"><figure class=\"aligncenter size-full is-resized\"><img loading=\"lazy\" src=\"https:\/\/www.violetaborruel.com\/wp-content\/uploads\/2019\/12\/altoaragc3b3n-6-5-19.jpg\" alt=\"\" class=\"wp-image-7099\" width=\"424\" height=\"318\"\/><figcaption>Diario del Altoarag\u00f3n. 06\/05\/2019<\/figcaption><\/figure><\/div>\n\n\n\n<hr class=\"wp-block-separator aligncenter is-style-default\"\/>\n\n\n\n<figure class=\"wp-block-image size-large\"><a href=\"https:\/\/www.radiohuesca.com\/cultura\/violeta-borruel-en-la-residencia-artistica-patrim-en-graus-03052019-124121.html\"><img loading=\"lazy\" width=\"1024\" height=\"711\" src=\"https:\/\/www.violetaborruel.com\/wp-content\/uploads\/2021\/09\/Noticia_Altoaragon-1024x711.jpg\" alt=\"\" class=\"wp-image-7451\" srcset=\"https:\/\/www.violetaborruel.com\/wp-content\/uploads\/2021\/09\/Noticia_Altoaragon-1024x711.jpg 1024w, https:\/\/www.violetaborruel.com\/wp-content\/uploads\/2021\/09\/Noticia_Altoaragon-300x208.jpg 300w, https:\/\/www.violetaborruel.com\/wp-content\/uploads\/2021\/09\/Noticia_Altoaragon-768x533.jpg 768w, https:\/\/www.violetaborruel.com\/wp-content\/uploads\/2021\/09\/Noticia_Altoaragon-705x490.jpg 705w, https:\/\/www.violetaborruel.com\/wp-content\/uploads\/2021\/09\/Noticia_Altoaragon.jpg 1361w\" sizes=\"(max-width: 1024px) 100vw, 1024px\" \/><\/a><figcaption><em>&#8220;La core\u00f3grafa Violeta Borruel ha sido seleccionada para realizar la primera residencia transfronteriza PATRIM+ entre los 42 artistas o colectivos que enviaron su candidatura para participar en la primera edici\u00f3n de esta propuesta. Violeta Borruel desarrollar\u00e1 su residencia en Espacio Pirineos de Graus. La dimensi\u00f3n transfronteriza de la convocatoria ha quedado reflejada en el n\u00famero de participantes internacionales, que ha supuesto un 30% de las candidaturas recibidas.&#8221; <\/em><a href=\"https:\/\/www.radiohuesca.com\/cultura\/violeta-borruel-en-la-residencia-artistica-patrim-en-graus-03052019-124121.html\">Radio Huesca. 3\/05\/2019<\/a><\/figcaption><\/figure>\n\n\n\n<hr class=\"wp-block-separator aligncenter is-style-default\"\/>\n\n\n\n<figure class=\"wp-block-image size-large\"><img loading=\"lazy\" width=\"1024\" height=\"678\" src=\"https:\/\/www.violetaborruel.com\/wp-content\/uploads\/2019\/04\/img_3673_4-1024x678.jpg\" alt=\"\" class=\"wp-image-303\" srcset=\"https:\/\/www.violetaborruel.com\/wp-content\/uploads\/2019\/04\/img_3673_4-1024x678.jpg 1024w, https:\/\/www.violetaborruel.com\/wp-content\/uploads\/2019\/04\/img_3673_4-300x199.jpg 300w, https:\/\/www.violetaborruel.com\/wp-content\/uploads\/2019\/04\/img_3673_4-768x508.jpg 768w, https:\/\/www.violetaborruel.com\/wp-content\/uploads\/2019\/04\/img_3673_4-1536x1017.jpg 1536w, https:\/\/www.violetaborruel.com\/wp-content\/uploads\/2019\/04\/img_3673_4-2048x1356.jpg 2048w, https:\/\/www.violetaborruel.com\/wp-content\/uploads\/2019\/04\/img_3673_4-1200x794.jpg 1200w, https:\/\/www.violetaborruel.com\/wp-content\/uploads\/2019\/04\/img_3673_4-1980x1311.jpg 1980w\" sizes=\"(max-width: 1024px) 100vw, 1024px\" \/><figcaption><em>&#8220;El proyecto Danza y Ciudad transform\u00f3 este s\u00e1bado el Coso Alto de Huesca&#8230; El programa lo cerr\u00f3 Violeta Borruel, que ofreci\u00f3 su bell\u00edsimo solo Mu(danza) alrededor de la identidad femenina, la violencia de g\u00e9nero y la liberaci\u00f3n de la mujer, con m\u00fasicas que iban en consonancia con sus pasos. Borruel comenz\u00f3 con lo m\u00e1s duro, algo que se reflej\u00f3 en movimientos m\u00e1s intensos, lo mismo que la m\u00fasica, frente a esa liberaci\u00f3n final en la que, con una melod\u00eda m\u00e1s alegre, la artista se mostr\u00f3 m\u00e1s divertida.&#8221; <a href=\"https:\/\/www.diariodelaltoaragon.es\/Movil\/Noticia.aspx?Id=1165050\">Diario del Altoarag\u00f3n. 12\/05\/2019<\/a><\/em><\/figcaption><\/figure>\n\n\n\n<hr class=\"wp-block-separator aligncenter is-style-default\"\/>\n\n\n\n<figure class=\"wp-block-image size-large\"><a href=\"https:\/\/www.radiohuesca.com\/noticia\/469762\/violeta-borruel-nos-invita-a-bailar-jugando-en-graus\"><img loading=\"lazy\" width=\"1024\" height=\"508\" src=\"https:\/\/www.violetaborruel.com\/wp-content\/uploads\/2021\/09\/Nocte-2012-radio-Huesca-1024x508.jpg\" alt=\"\" class=\"wp-image-7459\" srcset=\"https:\/\/www.violetaborruel.com\/wp-content\/uploads\/2021\/09\/Nocte-2012-radio-Huesca-1024x508.jpg 1024w, https:\/\/www.violetaborruel.com\/wp-content\/uploads\/2021\/09\/Nocte-2012-radio-Huesca-300x149.jpg 300w, https:\/\/www.violetaborruel.com\/wp-content\/uploads\/2021\/09\/Nocte-2012-radio-Huesca-768x381.jpg 768w, https:\/\/www.violetaborruel.com\/wp-content\/uploads\/2021\/09\/Nocte-2012-radio-Huesca-1536x762.jpg 1536w, https:\/\/www.violetaborruel.com\/wp-content\/uploads\/2021\/09\/Nocte-2012-radio-Huesca-2048x1015.jpg 2048w, https:\/\/www.violetaborruel.com\/wp-content\/uploads\/2021\/09\/Nocte-2012-radio-Huesca-705x350.jpg 705w\" sizes=\"(max-width: 1024px) 100vw, 1024px\" \/><\/a><figcaption><em>&#8220;Violeta Borruel nos invita a \u201cBailar jugando\u201d en Graus. Durante toda esta semana, la artista Violeta Boruel est\u00e1 realizando un taller de danza en la capital ribagorzana. Esta joven bailarina, llega Graus a trav\u00e9s del programa de hospitalidad art\u00edstica \u201cAlgorines\u201d y su objetivo es hacer de la danza algo divertido y cercano. Este taller est\u00e1 enfocado a un p\u00fablico muy especial: ni\u00f1os de entre 5 y 12 a\u00f1os y personas de de m\u00e1s de 60 a\u00f1os y lo hace porque, en su opini\u00f3n, aunque festivales como NOCTE est\u00e1n enfocados a todo tipo de p\u00fablico, estas franjas de edad se acaban quedando un poco de lado, de ah\u00ed su inter\u00e9s porque sean protagonistas. Y otro de los objetivos es hacer de la danza algo cercano, que puede realizar todo el mundo. Para ello, acerca a grandes y peque\u00f1os a trav\u00e9s de los juegos, en concreto, de los tradicionales, de los que los mayores son verdaderos expertos.&#8221; <a href=\"https:\/\/www.radiohuesca.com\/noticia\/469762\/violeta-borruel-nos-invita-a-bailar-jugando-en-graus\">Radio Huesca. 2\/07\/2012<\/a><\/em><\/figcaption><\/figure>\n\n\n\n<hr class=\"wp-block-separator aligncenter is-style-default\"\/>\n<\/div>\n\n\n\n<div class=\"wp-block-column is-vertically-aligned-top\">\n<figure class=\"wp-block-image size-large is-style-default\"><a href=\"https:\/\/dancefromspain.feced.org\/cia-violeta-borruel\/\"><img loading=\"lazy\" width=\"1024\" height=\"585\" src=\"https:\/\/www.violetaborruel.com\/wp-content\/uploads\/2021\/09\/Dance-from-Spain-2020-1024x585.jpg\" alt=\"\" class=\"wp-image-7453\" srcset=\"https:\/\/www.violetaborruel.com\/wp-content\/uploads\/2021\/09\/Dance-from-Spain-2020-1024x585.jpg 1024w, https:\/\/www.violetaborruel.com\/wp-content\/uploads\/2021\/09\/Dance-from-Spain-2020-300x172.jpg 300w, https:\/\/www.violetaborruel.com\/wp-content\/uploads\/2021\/09\/Dance-from-Spain-2020-768x439.jpg 768w, https:\/\/www.violetaborruel.com\/wp-content\/uploads\/2021\/09\/Dance-from-Spain-2020-1536x878.jpg 1536w, https:\/\/www.violetaborruel.com\/wp-content\/uploads\/2021\/09\/Dance-from-Spain-2020-2048x1171.jpg 2048w, https:\/\/www.violetaborruel.com\/wp-content\/uploads\/2021\/09\/Dance-from-Spain-2020-705x403.jpg 705w\" sizes=\"(max-width: 1024px) 100vw, 1024px\" \/><\/a><figcaption>&#8220;Mirar el pasado para comprender y mejorar el presente es pr\u00e1ctica habitual en la danza y recurso de gran utilidad a la hora de reivindicar a la mujer. Lo sabe la bailarina y creadora <strong><a href=\"http:\/\/dancefromspain.feced.org\/cia-violeta-borruel\/\">Violeta Borruel<\/a>,<\/strong> que ha montado <em>Golondrinas<\/em> para su joven compa\u00f1\u00eda oscense a partir de <em>les hirondelles<\/em> (las golondrinas), como llamaban los francesas a la multitud de mujeres del Pirineo espa\u00f1ol que, entre finales del siglo XIX y principios del XX, se iban al pa\u00eds vecino a trabajar en la fabricaci\u00f3n de alpargatas, en un ejemplo poco difundido de mujeres emprendedoras que sustentaban la econom\u00eda familiar a fuerza de recorrer mundo.&#8221;<br\/><a href=\"https:\/\/dancefromspain.feced.org\/cia-violeta-borruel\/\">Anuario 2020. Edici\u00f3n monogr\u00e1fica de la revista especializada en danza \u00abSusy Q\u00bb para Dance from Spain 2020.<\/a><\/figcaption><\/figure>\n\n\n\n<hr class=\"wp-block-separator aligncenter is-style-default\"\/>\n\n\n\n<div class=\"wp-block-image is-style-default\"><figure class=\"aligncenter size-large\"><a href=\"https:\/\/feriadeteatroydanza.com\/index.php\/544-2\/\"><img loading=\"lazy\" width=\"1024\" height=\"711\" src=\"https:\/\/www.violetaborruel.com\/wp-content\/uploads\/2021\/09\/Feria-1024x711.jpg\" alt=\"\" class=\"wp-image-7463\" srcset=\"https:\/\/www.violetaborruel.com\/wp-content\/uploads\/2021\/09\/Feria-1024x711.jpg 1024w, https:\/\/www.violetaborruel.com\/wp-content\/uploads\/2021\/09\/Feria-300x208.jpg 300w, https:\/\/www.violetaborruel.com\/wp-content\/uploads\/2021\/09\/Feria-768x533.jpg 768w, https:\/\/www.violetaborruel.com\/wp-content\/uploads\/2021\/09\/Feria-1536x1067.jpg 1536w, https:\/\/www.violetaborruel.com\/wp-content\/uploads\/2021\/09\/Feria-2048x1422.jpg 2048w, https:\/\/www.violetaborruel.com\/wp-content\/uploads\/2021\/09\/Feria-705x490.jpg 705w\" sizes=\"(max-width: 1024px) 100vw, 1024px\" \/><\/a><figcaption> \u201cGolondrinas&#8221; en la <a href=\"https:\/\/feriadeteatroydanza.com\/index.php\/544-2\/\">34 Feria Internacional de Teatro y Danza de Huesca 2020.<\/a><\/figcaption><\/figure><\/div>\n\n\n\n<hr class=\"wp-block-separator aligncenter is-style-default\"\/>\n\n\n\n<div class=\"wp-block-image is-style-default\"><figure class=\"aligncenter size-large\"><a href=\"http:\/\/www.artezblai.com\/artezblai\/arrancan-las-celebraciones-del-25%C2%BA-aniversario-del-teatro-de-la-estacion.html\"><img loading=\"lazy\" width=\"997\" height=\"1024\" src=\"https:\/\/www.violetaborruel.com\/wp-content\/uploads\/2021\/09\/ArtezBlai-teatro-Estacion-997x1024.jpg\" alt=\"\" class=\"wp-image-7457\" srcset=\"https:\/\/www.violetaborruel.com\/wp-content\/uploads\/2021\/09\/ArtezBlai-teatro-Estacion-997x1024.jpg 997w, https:\/\/www.violetaborruel.com\/wp-content\/uploads\/2021\/09\/ArtezBlai-teatro-Estacion-292x300.jpg 292w, https:\/\/www.violetaborruel.com\/wp-content\/uploads\/2021\/09\/ArtezBlai-teatro-Estacion-768x789.jpg 768w, https:\/\/www.violetaborruel.com\/wp-content\/uploads\/2021\/09\/ArtezBlai-teatro-Estacion-1495x1536.jpg 1495w, https:\/\/www.violetaborruel.com\/wp-content\/uploads\/2021\/09\/ArtezBlai-teatro-Estacion-1994x2048.jpg 1994w, https:\/\/www.violetaborruel.com\/wp-content\/uploads\/2021\/09\/ArtezBlai-teatro-Estacion-705x724.jpg 705w\" sizes=\"(max-width: 997px) 100vw, 997px\" \/><\/a><figcaption> \u201cGolondrinas en el Teatro de la Estaci\u00f3n. <a href=\"http:\/\/www.artezblai.com\/artezblai\/arrancan-las-celebraciones-del-25%C2%BA-aniversario-del-teatro-de-la-estacion.html\">Peri\u00f3dico de las Artes Esc\u00e9nicas &#8220;Artezblai&#8221;<\/a><\/figcaption><\/figure><\/div>\n\n\n\n<hr class=\"wp-block-separator aligncenter is-style-default\"\/>\n\n\n\n<figure class=\"wp-block-image size-full is-style-default\"><a href=\"https:\/\/www.heraldo.es\/noticias\/ocio-y-cultura\/2019\/07\/18\/violeta-borruel-recupera-la-historia-de-las-golondrinas-con-un-ballet-en-nocte-1325886.html?fbclid=IwAR0qR4BfnRe0XURX6fAV94hiOCZru_1n_Y53wiw8CILnbx4v7V5b9rKTjgE\"><img loading=\"lazy\" width=\"600\" height=\"568\" src=\"https:\/\/www.violetaborruel.com\/wp-content\/uploads\/2019\/12\/heraldo-18-7-19.jpg\" alt=\"\" class=\"wp-image-7091\" srcset=\"https:\/\/www.violetaborruel.com\/wp-content\/uploads\/2019\/12\/heraldo-18-7-19.jpg 600w, https:\/\/www.violetaborruel.com\/wp-content\/uploads\/2019\/12\/heraldo-18-7-19-300x284.jpg 300w\" sizes=\"(max-width: 600px) 100vw, 600px\" \/><\/a><figcaption> \u201c\u2026La bailarina y core\u00f3grafa oscense Violeta Borruel est\u00e1 trabajando en un proyecto art\u00edstico que aglutina tanto investigaci\u00f3n antropol\u00f3gica como una dimensi\u00f3n esc\u00e9nica, conocimiento y creatividad, territorio y gente para recuperar y divulgar la historia de estas mujeres ansotanas\u2026<br\/>\u2026Ha querido con su \u00faltimo proyecto esc\u00e9nico \u201creflejar las luces y sombras\u201d que le sugieren las andanzas de estas mujeres que, a pesar de las fatigas, pudieron disfrutar de una innegable sensaci\u00f3n de libertad totalmente at\u00edpica en la \u00e9poca.\u201d <a href=\"https:\/\/www.heraldo.es\/noticias\/ocio-y-cultura\/2019\/07\/18\/violeta-borruel-recupera-la-historia-de-las-golondrinas-con-un-ballet-en-nocte-1325886.html?fbclid=IwAR0qR4BfnRe0XURX6fAV94hiOCZru_1n_Y53wiw8CILnbx4v7V5b9rKTjgE\">Heraldo de Arag\u00f3n. 17\/06\/2019<\/a><\/figcaption><\/figure>\n\n\n\n<hr class=\"wp-block-separator aligncenter is-style-default\"\/>\n\n\n\n<figure class=\"wp-block-image size-large\"><a href=\"https:\/\/www.diariodelaltoaragon.es\/noticias\/sociedad\/2019\/06\/29\/violeta-borruel-elegi-este-tema-porque-eran-mujeres-valientes-y-emprendedoras-1170960-daa.html\"><img loading=\"lazy\" width=\"580\" height=\"600\" src=\"http:\/\/www.violetaborruel.com\/wp-content\/uploads\/2019\/12\/altoaragc3b3n-24-07-19.jpg?w=580\" alt=\"\" class=\"wp-image-555\" srcset=\"https:\/\/www.violetaborruel.com\/wp-content\/uploads\/2019\/12\/altoaragc3b3n-24-07-19.jpg 580w, https:\/\/www.violetaborruel.com\/wp-content\/uploads\/2019\/12\/altoaragc3b3n-24-07-19-290x300.jpg 290w\" sizes=\"(max-width: 580px) 100vw, 580px\" \/><\/a><figcaption>&#8220;&#8230;La bailarina presentar\u00e1 en Nocte &#8220;Las Golondrinas&#8221;, inspirado en la migraci\u00f3n de mujeres pirenaicas en parte de los siglos XIX y XX&#8221;<br\/>&#8220;Eleg\u00ed este tema porque eran mujeres valientes y emprendedoras&#8221;. <a href=\"http:\/\/www.diariodelaltoaragon.es\/NoticiasDetalle.aspx?Id=1170960\">Diario del AltoArag\u00f3n. 29\/06\/2019 .<\/a><br\/><br\/><\/figcaption><\/figure>\n\n\n\n<hr class=\"wp-block-separator aligncenter is-style-default\"\/>\n\n\n\n<div class=\"wp-block-image\"><figure class=\"aligncenter size-full is-resized\"><a href=\"https:\/\/www.radiohuesca.com\/sociedad\/violeta-borruel-homenajea-a-las-golondrinas-de-anso-en-su-ultimo-proyecto-27062019-126474.html\"><img loading=\"lazy\" src=\"https:\/\/www.violetaborruel.com\/wp-content\/uploads\/2019\/12\/foto-ser.png\" alt=\"\" class=\"wp-image-7097\" width=\"433\" height=\"423\" srcset=\"https:\/\/www.violetaborruel.com\/wp-content\/uploads\/2019\/12\/foto-ser.png 457w, https:\/\/www.violetaborruel.com\/wp-content\/uploads\/2019\/12\/foto-ser-300x293.png 300w\" sizes=\"(max-width: 433px) 100vw, 433px\" \/><\/a><figcaption>El proyecto de Violeta Borruel, es un proyecto de danza contempor\u00e1nea sobre el emprendimiento y las migraciones de la mujer. De hecho, el nombre del espect\u00e1culo recuerda a unas mujeres de Ans\u00f3 conocidas como \u2018Las golondrinas\u2019 que, desde octubre hasta primavera, se iban a trabajar a Francia. La bailarina oscense explicaba que la historia de unas mujeres que vend\u00edan hierbas medicinales por Catalu\u00f1a le hizo pensar si exist\u00eda alg\u00fan ejemplo similar en el Pirineo aragon\u00e9s y as\u00ed es como dio con la historia de \u2018Las golondrinas\u2019. <br\/>Sus fuentes de informaci\u00f3n han sido, principalmente, familiares de estas mujeres, y tambi\u00e9n los diferentes art\u00edculos que sobre ellas hay escritos, puesto que, llamaron la atenci\u00f3n de intelectuales y artistas de la \u00e9poca como los pintores Sorolla, Zuloaga o el escritor Benito P\u00e9rez Gald\u00f3s. <a href=\"https:\/\/www.radiohuesca.com\/sociedad\/violeta-borruel-homenajea-a-las-golondrinas-de-anso-en-su-ultimo-proyecto-27062019-126474.html\">Radio Huesca. 27\/06\/2019<\/a><\/figcaption><\/figure><\/div>\n\n\n\n<hr class=\"wp-block-separator aligncenter is-style-default\"\/>\n\n\n\n<figure class=\"wp-block-image size-large\"><a href=\"https:\/\/www.radiohuesca.com\/huesca\/una-gran-fiesta-del-teatro-en-las-casas-de-barluenga-24032019-122369.html\"><img loading=\"lazy\" width=\"1024\" height=\"853\" src=\"https:\/\/www.violetaborruel.com\/wp-content\/uploads\/2021\/09\/Noticia_Barluenga-1024x853.jpg\" alt=\"\" class=\"wp-image-7449\" srcset=\"https:\/\/www.violetaborruel.com\/wp-content\/uploads\/2021\/09\/Noticia_Barluenga-1024x853.jpg 1024w, https:\/\/www.violetaborruel.com\/wp-content\/uploads\/2021\/09\/Noticia_Barluenga-300x250.jpg 300w, https:\/\/www.violetaborruel.com\/wp-content\/uploads\/2021\/09\/Noticia_Barluenga-768x640.jpg 768w, https:\/\/www.violetaborruel.com\/wp-content\/uploads\/2021\/09\/Noticia_Barluenga-705x587.jpg 705w, https:\/\/www.violetaborruel.com\/wp-content\/uploads\/2021\/09\/Noticia_Barluenga.jpg 1361w\" sizes=\"(max-width: 1024px) 100vw, 1024px\" \/><\/a><figcaption><em>&#8220;Violeta Borruel, en el impresionante escenario de un elegante sal\u00f3n rural, emocion\u00f3 con su propuesta \u2018Mu(danza)\u2019. Veinte minutos de fuerza y deleite en movimiento, de narraci\u00f3n corporal y de sugerentes argumentos en torno a la condici\u00f3n de mujer que se cerraban con una animada y liberada variaci\u00f3n.&#8221; <a href=\"https:\/\/www.radiohuesca.com\/huesca\/una-gran-fiesta-del-teatro-en-las-casas-de-barluenga-24032019-122369.html\">Radio Huesca. 24\/03\/2019<\/a><\/em><\/figcaption><\/figure>\n\n\n\n<hr class=\"wp-block-separator aligncenter is-style-default\"\/>\n\n\n\n<p><\/p>\n<\/div>\n<\/div>\n\n<div class=\"wp-block-group\"><div class=\"wp-block-group__inner-container\"><\/div><\/div>\n","protected":false},"excerpt":{"rendered":"","protected":false},"author":1,"featured_media":0,"parent":0,"menu_order":0,"comment_status":"closed","ping_status":"closed","template":"","meta":[],"_links":{"self":[{"href":"https:\/\/www.violetaborruel.com\/en\/wp-json\/wp\/v2\/pages\/7585"}],"collection":[{"href":"https:\/\/www.violetaborruel.com\/en\/wp-json\/wp\/v2\/pages"}],"about":[{"href":"https:\/\/www.violetaborruel.com\/en\/wp-json\/wp\/v2\/types\/page"}],"author":[{"embeddable":true,"href":"https:\/\/www.violetaborruel.com\/en\/wp-json\/wp\/v2\/users\/1"}],"replies":[{"embeddable":true,"href":"https:\/\/www.violetaborruel.com\/en\/wp-json\/wp\/v2\/comments?post=7585"}],"version-history":[{"count":1,"href":"https:\/\/www.violetaborruel.com\/en\/wp-json\/wp\/v2\/pages\/7585\/revisions"}],"predecessor-version":[{"id":7586,"href":"https:\/\/www.violetaborruel.com\/en\/wp-json\/wp\/v2\/pages\/7585\/revisions\/7586"}],"wp:attachment":[{"href":"https:\/\/www.violetaborruel.com\/en\/wp-json\/wp\/v2\/media?parent=7585"}],"curies":[{"name":"wp","href":"https:\/\/api.w.org\/{rel}","templated":true}]}}